{"id":62,"date":"2024-09-09T15:52:28","date_gmt":"2024-09-09T12:52:28","guid":{"rendered":"https:\/\/ogretek.com\/?page_id=62"},"modified":"2024-10-12T23:12:55","modified_gmt":"2024-10-12T20:12:55","slug":"nasil-yayinlarim","status":"publish","type":"page","link":"https:\/\/ogretek.com\/index.php\/nasil-yayinlarim\/","title":{"rendered":"Nas\u0131l Yay\u0131nlar\u0131m?"},"content":{"rendered":"\n<p>Bu sayfada H5P ile olu\u015fturdu\u011funuz etkile\u015fimli materyali sitede nas\u0131l yay\u0131nlayaca\u011f\u0131n\u0131za ili\u015fkin bir y\u00f6nerge sunulmu\u015ftur. H5P&#8217;deki etkile\u015fimli materyal t\u00fcrlerini ve \u00f6zelliklerini incelemek i\u00e7in <a href=\"https:\/\/ogretek.com\/index.php\/h5p-nedir\/\" data-type=\"page\" data-id=\"57\">H5P Nedir?<\/a> sayfas\u0131na bakabilirsiniz.<\/p>\n\n\n\n<figure class=\"wp-block-embed is-type-video is-provider-youtube wp-block-embed-youtube wp-embed-aspect-16-9 wp-has-aspect-ratio\"><div class=\"wp-block-embed__wrapper\">\n<iframe loading=\"lazy\" title=\"Wordpress&#039;te H5P i\u00e7eri\u011fini yaz\u0131 i\u00e7erisine g\u00f6mmek, Import H5P content in wordpress\" width=\"500\" height=\"281\" src=\"https:\/\/www.youtube.com\/embed\/l-QiHBe3bQI?feature=oembed\" frameborder=\"0\" allow=\"accelerometer; autoplay; clipboard-write; encrypted-media; gyroscope; picture-in-picture; web-share\" referrerpolicy=\"strict-origin-when-cross-origin\" allowfullscreen><\/iframe>\n<\/div><figcaption class=\"wp-element-caption\">H5P i\u00e7eri\u011fini yaz\u0131 i\u00e7erisine ekleme<\/figcaption><\/figure>\n\n\n\n<h4 class=\"wp-block-heading\">1- H5P ile etkile\u015fimli i\u00e7eri\u011finizi olu\u015fturun<\/h4>\n\n\n\n<p>\u00d6ncelikle olu\u015fturmak istedi\u011finiz etkile\u015fimli materyal i\u00e7in H5P \u0130\u00e7eri\u011fi ba\u011flant\u0131s\u0131n\u0131n \u00fczerine gelin. A\u015fa\u011f\u0131daki iki yoldan birisinden etkile\u015fim i\u00e7erik olu\u015fturmaya ba\u015flayabilirsiniz.<\/p>\n\n\n\n<ul class=\"wp-block-list\">\n<li>H5P \u0130\u00e7eri\u011fi &gt; Yeni Ekle<\/li>\n\n\n\n<li>H5P \u0130\u00e7eri\u011fi &gt; T\u00fcm H5P \u0130\u00e7eri\u011fi &gt; Yeni ekle<\/li>\n<\/ul>\n\n\n\n<figure class=\"wp-block-image size-full is-resized has-custom-border\"><img loading=\"lazy\" decoding=\"async\" width=\"375\" height=\"389\" src=\"https:\/\/ogretek.com\/wp-content\/uploads\/2024\/09\/wp1.png\" alt=\"\" class=\"wp-image-68\" style=\"border-width:1px;border-radius:5px;width:350px\" srcset=\"https:\/\/ogretek.com\/wp-content\/uploads\/2024\/09\/wp1.png 375w, https:\/\/ogretek.com\/wp-content\/uploads\/2024\/09\/wp1-289x300.png 289w\" sizes=\"auto, (max-width: 375px) 100vw, 375px\" \/><\/figure>\n\n\n\n<p><em>* E\u011fer sizde bu ba\u011flant\u0131 g\u00f6z\u00fckm\u00fcyorsa yonetim@ogretek.com e-posta adresine kullan\u0131c\u0131 ad\u0131n\u0131z\u0131 ve i\u00e7erik olu\u015fturmak istedi\u011finizi yaz\u0131n\u0131z. Web sitesindeki rol\u00fcn\u00fcz\u00fcn yazar olarak de\u011fi\u015ftirilmesi gerekmektedir.<\/em><\/p>\n\n\n\n<p>Daha sonra amac\u0131n\u0131za uygun bir i\u00e7erik t\u00fcr\u00fcn\u00fc se\u00e7ip etkile\u015fimli materyalinizi tasarlamaya ba\u015flayabilirsiniz.<\/p>\n\n\n\n<figure class=\"wp-block-image size-full has-custom-border\"><img loading=\"lazy\" decoding=\"async\" width=\"761\" height=\"579\" src=\"https:\/\/ogretek.com\/wp-content\/uploads\/2024\/09\/wp2.png\" alt=\"\" class=\"wp-image-71\" style=\"border-width:1px;border-radius:5px\" srcset=\"https:\/\/ogretek.com\/wp-content\/uploads\/2024\/09\/wp2.png 761w, https:\/\/ogretek.com\/wp-content\/uploads\/2024\/09\/wp2-300x228.png 300w\" sizes=\"auto, (max-width: 761px) 100vw, 761px\" \/><\/figure>\n\n\n\n<p>Bu \u00f6rnekte etkile\u015fimli video (Interactive Video)&#8217;yu se\u00e7tik. \u00d6ncelikle ba\u015fl\u0131k k\u0131sm\u0131n\u0131 yazd\u0131k (Say\u0131 Do\u011frusu). Etkile\u015fimli video i\u00e7in kullan\u0131lacak videoyu  (\u00f6rnekte Youtube&#8217;dan bir video se\u00e7ildi) ekledikten sonra etkile\u015fimlerini ekleyebiliriz.<\/p>\n\n\n\n<div class=\"wp-block-columns is-layout-flex wp-container-core-columns-is-layout-a85f4655 wp-block-columns-is-layout-flex\">\n<div class=\"wp-block-column is-layout-flow wp-block-column-is-layout-flow\">\n<figure class=\"wp-block-image size-full is-resized has-custom-border\"><img loading=\"lazy\" decoding=\"async\" width=\"763\" height=\"638\" src=\"https:\/\/ogretek.com\/wp-content\/uploads\/2024\/09\/wp3-1.png\" alt=\"\" class=\"wp-image-74\" style=\"border-width:1px;border-radius:5px;width:293px;height:auto\" srcset=\"https:\/\/ogretek.com\/wp-content\/uploads\/2024\/09\/wp3-1.png 763w, https:\/\/ogretek.com\/wp-content\/uploads\/2024\/09\/wp3-1-300x251.png 300w\" sizes=\"auto, (max-width: 763px) 100vw, 763px\" \/><\/figure>\n<\/div>\n\n\n\n<div class=\"wp-block-column is-layout-flow wp-block-column-is-layout-flow\">\n<figure class=\"wp-block-image size-full has-custom-border\"><img loading=\"lazy\" decoding=\"async\" width=\"749\" height=\"591\" src=\"https:\/\/ogretek.com\/wp-content\/uploads\/2024\/09\/wp4-1.png\" alt=\"\" class=\"wp-image-75\" style=\"border-width:1px;border-radius:5px\" srcset=\"https:\/\/ogretek.com\/wp-content\/uploads\/2024\/09\/wp4-1.png 749w, https:\/\/ogretek.com\/wp-content\/uploads\/2024\/09\/wp4-1-300x237.png 300w\" sizes=\"auto, (max-width: 749px) 100vw, 749px\" \/><\/figure>\n<\/div>\n<\/div>\n\n\n\n<p>Etkile\u015fimli materyal ile ilgili t\u00fcm i\u015flemlerinizi tamamlad\u0131ktan sonra sayfan\u0131n sa\u011f\u0131nda yer alan Etiketler k\u0131sm\u0131na materyalinizin site aramalar\u0131nda \u00e7\u0131kmas\u0131 i\u00e7in etiketlerinizi virg\u00fclle ay\u0131rarak yaz\u0131n (\u00f6rnekte: Say\u0131 do\u011frusu, kesir) &#8220;Olu\u015ftur&#8221; butonuna t\u0131klay\u0131p materyalimizi olu\u015fturabiliriz.<\/p>\n\n\n\n<figure class=\"wp-block-image size-large\"><img loading=\"lazy\" decoding=\"async\" width=\"1024\" height=\"334\" src=\"https:\/\/ogretek.com\/wp-content\/uploads\/2024\/09\/wp5-1024x334.png\" alt=\"\" class=\"wp-image-76\" srcset=\"https:\/\/ogretek.com\/wp-content\/uploads\/2024\/09\/wp5-1024x334.png 1024w, https:\/\/ogretek.com\/wp-content\/uploads\/2024\/09\/wp5-300x98.png 300w, https:\/\/ogretek.com\/wp-content\/uploads\/2024\/09\/wp5-768x251.png 768w, https:\/\/ogretek.com\/wp-content\/uploads\/2024\/09\/wp5-1536x501.png 1536w, https:\/\/ogretek.com\/wp-content\/uploads\/2024\/09\/wp5.png 1566w\" sizes=\"auto, (max-width: 1024px) 100vw, 1024px\" \/><\/figure>\n\n\n\n<p>Materyaliniz olu\u015ftuktan sonra a\u015fa\u011f\u0131daki gibi g\u00f6z\u00fckecek ve size bir k\u0131sa kod verilecektir. Bu k\u0131sa kod sizin daha sonra materyalinizi yay\u0131nlamak i\u00e7in kullanaca\u011f\u0131n\u0131z bir kod par\u00e7as\u0131d\u0131r.<\/p>\n\n\n\n<figure class=\"wp-block-image size-large\"><img loading=\"lazy\" decoding=\"async\" width=\"1024\" height=\"255\" src=\"https:\/\/ogretek.com\/wp-content\/uploads\/2024\/09\/wp6-1024x255.png\" alt=\"\" class=\"wp-image-81\" srcset=\"https:\/\/ogretek.com\/wp-content\/uploads\/2024\/09\/wp6-1024x255.png 1024w, https:\/\/ogretek.com\/wp-content\/uploads\/2024\/09\/wp6-300x75.png 300w, https:\/\/ogretek.com\/wp-content\/uploads\/2024\/09\/wp6-768x191.png 768w, https:\/\/ogretek.com\/wp-content\/uploads\/2024\/09\/wp6-1536x383.png 1536w, https:\/\/ogretek.com\/wp-content\/uploads\/2024\/09\/wp6.png 1557w\" sizes=\"auto, (max-width: 1024px) 100vw, 1024px\" \/><\/figure>\n","protected":false},"excerpt":{"rendered":"<p>Bu sayfada H5P ile olu\u015fturdu\u011funuz etkile\u015fimli materyali sitede nas\u0131l yay\u0131nlayaca\u011f\u0131n\u0131za ili\u015fkin bir y\u00f6nerge sunulmu\u015ftur. H5P&#8217;deki etkile\u015fimli materyal t\u00fcrlerini ve \u00f6zelliklerini incelemek i\u00e7in H5P Nedir? sayfas\u0131na bakabilirsiniz. 1- H5P ile etkile\u015fimli i\u00e7eri\u011finizi olu\u015fturun \u00d6ncelikle olu\u015fturmak istedi\u011finiz etkile\u015fimli materyal i\u00e7in H5P \u0130\u00e7eri\u011fi ba\u011flant\u0131s\u0131n\u0131n \u00fczerine gelin. A\u015fa\u011f\u0131daki iki yoldan birisinden etkile\u015fim i\u00e7erik olu\u015fturmaya ba\u015flayabilirsiniz. * E\u011fer sizde bu [&hellip;]<\/p>\n","protected":false},"author":1,"featured_media":0,"parent":0,"menu_order":0,"comment_status":"closed","ping_status":"closed","template":"","meta":{"footnotes":""},"class_list":["post-62","page","type-page","status-publish","hentry"],"_links":{"self":[{"href":"https:\/\/ogretek.com\/index.php\/wp-json\/wp\/v2\/pages\/62","targetHints":{"allow":["GET"]}}],"collection":[{"href":"https:\/\/ogretek.com\/index.php\/wp-json\/wp\/v2\/pages"}],"about":[{"href":"https:\/\/ogretek.com\/index.php\/wp-json\/wp\/v2\/types\/page"}],"author":[{"embeddable":true,"href":"https:\/\/ogretek.com\/index.php\/wp-json\/wp\/v2\/users\/1"}],"replies":[{"embeddable":true,"href":"https:\/\/ogretek.com\/index.php\/wp-json\/wp\/v2\/comments?post=62"}],"version-history":[{"count":7,"href":"https:\/\/ogretek.com\/index.php\/wp-json\/wp\/v2\/pages\/62\/revisions"}],"predecessor-version":[{"id":130,"href":"https:\/\/ogretek.com\/index.php\/wp-json\/wp\/v2\/pages\/62\/revisions\/130"}],"wp:attachment":[{"href":"https:\/\/ogretek.com\/index.php\/wp-json\/wp\/v2\/media?parent=62"}],"curies":[{"name":"wp","href":"https:\/\/api.w.org\/{rel}","templated":true}]}}